{"id":9031,"date":"2020-03-10T16:26:44","date_gmt":"2020-03-10T19:26:44","guid":{"rendered":"https:\/\/www.delnorte.com.uy\/web\/?page_id=9031"},"modified":"2020-03-13T12:14:47","modified_gmt":"2020-03-13T15:14:47","slug":"traslados","status":"publish","type":"page","link":"https:\/\/www.delnorte.com.uy\/web\/traslados\/","title":{"rendered":"Traslados"},"content":{"rendered":"\n<div  data-target=\"_self\" class=\"linkarea clearfix accent1  background-transparent\">\n\t\t\t\t<div class=\"last\"><img loading=\"lazy\" decoding=\"async\" class=\"alignnone wp-image-8937\" src=\"https:\/\/www.delnorte.com.uy\/web\/wp-content\/uploads\/2020\/02\/ambulancias_del_norte-1024x238.png\" alt=\"\" width=\"602\" height=\"140\" srcset=\"https:\/\/www.delnorte.com.uy\/web\/wp-content\/uploads\/2020\/02\/ambulancias_del_norte-1024x238.png 1024w, https:\/\/www.delnorte.com.uy\/web\/wp-content\/uploads\/2020\/02\/ambulancias_del_norte-300x70.png 300w, https:\/\/www.delnorte.com.uy\/web\/wp-content\/uploads\/2020\/02\/ambulancias_del_norte-768x178.png 768w, https:\/\/www.delnorte.com.uy\/web\/wp-content\/uploads\/2020\/02\/ambulancias_del_norte-1536x357.png 1536w, https:\/\/www.delnorte.com.uy\/web\/wp-content\/uploads\/2020\/02\/ambulancias_del_norte-1140x265.png 1140w, https:\/\/www.delnorte.com.uy\/web\/wp-content\/uploads\/2020\/02\/ambulancias_del_norte-555x129.png 555w, https:\/\/www.delnorte.com.uy\/web\/wp-content\/uploads\/2020\/02\/ambulancias_del_norte-360x84.png 360w, https:\/\/www.delnorte.com.uy\/web\/wp-content\/uploads\/2020\/02\/ambulancias_del_norte-262x61.png 262w, https:\/\/www.delnorte.com.uy\/web\/wp-content\/uploads\/2020\/02\/ambulancias_del_norte.png 1943w\" sizes=\"auto, (max-width: 602px) 100vw, 602px\" \/><\/div>\n\t<\/div>\n<div class=\"row \"><div class=\"wpv-grid grid-1-1  wpv-first-level first unextended\" style=\"padding-top:0px;padding-bottom:0px\" id=\"wpv-column-d530263d983f98a98c4b250a0ea62d22\" ><div class=\"row \"><div class=\"wpv-grid grid-1-1  first unextended\" style=\"padding-top:0px;padding-bottom:0px\" id=\"wpv-column-d4e3c5de4d5137079b81cc2aa7021d39\" ><p><img loading=\"lazy\" decoding=\"async\" class=\" wp-image-8960 alignleft\" src=\"https:\/\/www.delnorte.com.uy\/web\/wp-content\/uploads\/2020\/02\/ambulancias_antiguas-1024x694.jpg\" alt=\"\" width=\"1174\" height=\"796\" srcset=\"https:\/\/www.delnorte.com.uy\/web\/wp-content\/uploads\/2020\/02\/ambulancias_antiguas-1024x694.jpg 1024w, https:\/\/www.delnorte.com.uy\/web\/wp-content\/uploads\/2020\/02\/ambulancias_antiguas-300x203.jpg 300w, https:\/\/www.delnorte.com.uy\/web\/wp-content\/uploads\/2020\/02\/ambulancias_antiguas-768x521.jpg 768w, https:\/\/www.delnorte.com.uy\/web\/wp-content\/uploads\/2020\/02\/ambulancias_antiguas-1536x1042.jpg 1536w, https:\/\/www.delnorte.com.uy\/web\/wp-content\/uploads\/2020\/02\/ambulancias_antiguas-2048x1389.jpg 2048w, https:\/\/www.delnorte.com.uy\/web\/wp-content\/uploads\/2020\/02\/ambulancias_antiguas-1140x773.jpg 1140w, https:\/\/www.delnorte.com.uy\/web\/wp-content\/uploads\/2020\/02\/ambulancias_antiguas-555x376.jpg 555w, https:\/\/www.delnorte.com.uy\/web\/wp-content\/uploads\/2020\/02\/ambulancias_antiguas-360x244.jpg 360w, https:\/\/www.delnorte.com.uy\/web\/wp-content\/uploads\/2020\/02\/ambulancias_antiguas-262x178.jpg 262w\" sizes=\"auto, (max-width: 1174px) 100vw, 1174px\" \/><\/div><\/div>\n<div class=\"slogan clearfix  has-button\">\n\t<div class=\"slogan-content\">\n\t\t\n<h1><span style=\"vertical-align: inherit;\"><span style=\"vertical-align: inherit;\">Traslados a todo el Uruguay<\/span><\/span><\/h1>\n\t<\/div>\n\t\t<div class=\"button-wrp\">\n\t\t<a href=\"http:\/\/eepurl.com\/gV1ULT\" class=\"button vamtam-button accent2  button-filled hover-accent1 \"><span class=\"btext\">Agenda tu traslado<\/span><\/a>\t<\/div>\n\t<\/div>\n\n<div align=\"justify\"><span style=\"vertical-align: inherit;\"><span style=\"vertical-align: inherit;\"><strong>AMBULANCIAS DEL NORTE<\/strong> es una empresa que integra el n\u00facleo de organizaciones conformadas por <strong>GRUPO DEL NORTE.<\/strong><\/span><\/span><\/div>\n<div align=\"justify\"><\/div>\n<div align=\"justify\">Nace en los 90 en la ciudad de <strong>Paysand\u00fa<\/strong> y al d\u00eda de hoy cuenta con una flota de ambulancias de m\u00e1s de <strong>30 unidades propias<\/strong>, encontr\u00e1ndose en constante crecimiento logrando expandirse a diferentes puntos geogr\u00e1ficos dentro del pa\u00eds junto a sus negocios.<\/div>\n<div align=\"justify\"><\/div>\n<div align=\"justify\"><span style=\"vertical-align: inherit;\"><b>Nos<\/b> dedicamos al servicio de <strong>traslados en ambulancia<\/strong> de pacientes que residen en el interior y precisan movilizarse hacia instituciones m\u00e9dicas, que se encuentran en otras ciudades dentro del pa\u00eds. <\/span><\/div>\n<div align=\"justify\"><span style=\"vertical-align: inherit;\">Tenemos acuerdos con diferentes instituciones m\u00e9dicas y somos aliados en el cuidado de los socios para que puedan ser atendidos con calidad. <\/span><span style=\"vertical-align: inherit;\">Ampliamos nuestra cobertura nacional contando con base en los <strong>18 departamentos<\/strong>.<\/span><\/div>\n<div align=\"justify\"><\/div><\/div><\/div>\n<div class=\"push\" style='height:30px'><\/div>\n\n<div  data-target=\"_self\" class=\"linkarea clearfix   background-transparent\">\n\t\t\t<div class=\"first\"><img loading=\"lazy\" decoding=\"async\" width=\"138\" height=\"61\" src=\"https:\/\/www.delnorte.com.uy\/web\/wp-content\/uploads\/2020\/03\/logoBPSportada.gif\" class=\"attachment-full size-full\" alt=\"\" \/><\/div>\n\t\t\t\t<div class=\"last\"><h2>Traslado en ambulancia com\u00fan, para beneficiarios del sector salud del Banco De Previsi\u00f3n Social (BPS)<\/h2><\/div>\n\t<\/div>\n<div class=\"push\" style='height:30px'><\/div>\n<div class=\"push\" style='height:30px'><\/div>\n<div class=\"row \"><div class=\"wpv-grid grid-1-3  wpv-first-level first unextended\" style=\"padding-top:0px;padding-bottom:0px\" id=\"wpv-column-7e438da9b191b0deede495d9c4b4deb9\" ><div class=\"row \"><div class=\"wpv-grid grid-2-5  first unextended animation-from-right animated-active\" style=\"padding-top:0px;padding-bottom:0px\" id=\"wpv-column-ba69ffc5e87c975bc42a63c75cc14c49\" ><div class=\"services clearfix smallimage no-image has-icon no-button \" style=\"text-align:center;\">\n\t<div class=\"services-inside\">\n\t\t\t\t\t\t\t\t\t<div class=\"shrinking-outer clearfix\">\n\t\t\t\t\t<div class=\"shrinking\" style=\"background:#ffffff no-repeat 50% 50%;\">\n\t\t\t\t\t\t\t\t\t\t\t\t\t\t\t\t\t\t\t<span class='icon shortcode  ' style='color:#4AA08B;'>&#57492;<\/span>\t\t\t\t\t\t\t\t\t\t\t\t\t\t\t\t\t<\/div>\n\t\t\t\t<\/div>\n\t\t\t\t\t\t\t\t\t\t<h3 class=\"services-title\">\n\t\t\t\t\t\t\t\t\tTraslados\t\t\t\t\t\t\t<\/h3>\n\t\t\t\t\t\t\t<div class=\"services-content\">\n<div align=\"center\"><strong><span style=\"vertical-align: inherit;\"><span style=\"vertical-align: inherit;\"><span style=\"vertical-align: inherit;\">Tel\u00e9fono<\/span><\/span><\/span><\/strong><\/div>\n<div align=\"center\"><strong><span style=\"vertical-align: inherit;\"><span style=\"vertical-align: inherit;\"><span style=\"vertical-align: inherit;\">4723 4590<\/span><\/span><\/span><\/strong><\/div>\n<\/div>\n\t\t\t\t\t<\/div>\n<\/div>\n<\/div>\n<div class=\"wpv-grid grid-3-5  unextended\" style=\"padding-top:0px;padding-bottom:0px\" id=\"wpv-column-3e4b7d563d01204f878231907cb5d8fe\" ><p><img loading=\"lazy\" decoding=\"async\" class=\"alignnone size-full wp-image-8585\" src=\"https:\/\/www.delnorte.com.uy\/web\/wp-content\/uploads\/2019\/12\/recepcionistagrupodelnorteacude-1.png\" alt=\"\" width=\"294\" height=\"442\" srcset=\"https:\/\/www.delnorte.com.uy\/web\/wp-content\/uploads\/2019\/12\/recepcionistagrupodelnorteacude-1.png 294w, https:\/\/www.delnorte.com.uy\/web\/wp-content\/uploads\/2019\/12\/recepcionistagrupodelnorteacude-1-200x300.png 200w, https:\/\/www.delnorte.com.uy\/web\/wp-content\/uploads\/2019\/12\/recepcionistagrupodelnorteacude-1-262x394.png 262w\" sizes=\"auto, (max-width: 294px) 100vw, 294px\" \/><\/div><\/div><\/div>\n<div class=\"wpv-grid grid-2-5  wpv-first-level unextended\" style=\"padding-top:0px;padding-bottom:0px\" id=\"wpv-column-a3b4990742007ac79f078d87fef3d809\" >\t\t<div class=\"sep-text single centered\">\n\t\t\t\t\t\t\t<span class=\"sep-text-before\"><div class=\"sep-text-line\"><\/div><\/span>\n\t\t\t\t\t\t<div class=\"content\">\n\t\t\t\t<h2 class=\"text-divider-double\">Agenda tu traslado<\/h2>\t\t\t<\/div>\n\t\t\t<span class=\"sep-text-after\"><div class=\"sep-text-line\"><\/div><\/span>\n\t\t\t\t\t<\/div>\n\t<p>\n<div class=\"wpcf7 no-js\" id=\"wpcf7-f11-o1\" lang=\"en-US\" dir=\"ltr\" data-wpcf7-id=\"11\">\n<div class=\"screen-reader-response\"><p role=\"status\" aria-live=\"polite\" aria-atomic=\"true\"><\/p> <ul><\/ul><\/div>\n<form action=\"\/web\/wp-json\/wp\/v2\/pages\/9031#wpcf7-f11-o1\" method=\"post\" class=\"wpcf7-form init\" aria-label=\"Contact form\" novalidate=\"novalidate\" data-status=\"init\">\n<fieldset class=\"hidden-fields-container\"><input type=\"hidden\" name=\"_wpcf7\" value=\"11\" \/><input type=\"hidden\" name=\"_wpcf7_version\" value=\"6.1.5\" \/><input type=\"hidden\" name=\"_wpcf7_locale\" value=\"en_US\" \/><input type=\"hidden\" name=\"_wpcf7_unit_tag\" value=\"wpcf7-f11-o1\" \/><input type=\"hidden\" name=\"_wpcf7_container_post\" value=\"0\" \/><input type=\"hidden\" name=\"_wpcf7_posted_data_hash\" value=\"\" \/><input type=\"hidden\" name=\"_wpcf7_recaptcha_response\" value=\"\" \/>\n<\/fieldset>\n<p><span class=\"wpcf7-form-control-wrap\" data-name=\"text-138\"><input size=\"40\" maxlength=\"400\" class=\"wpcf7-form-control wpcf7-text wpcf7-validates-as-required\" id=\"nombre\" aria-required=\"true\" aria-invalid=\"false\" placeholder=\"NOMBRE\" value=\"\" type=\"text\" name=\"text-138\" \/><\/span>\n<\/p>\n<p><span class=\"wpcf7-form-control-wrap\" data-name=\"tel-414\"><input size=\"40\" maxlength=\"400\" class=\"wpcf7-form-control wpcf7-tel wpcf7-validates-as-required wpcf7-text wpcf7-validates-as-tel\" aria-required=\"true\" aria-invalid=\"false\" placeholder=\"TELEFONO\" value=\"\" type=\"tel\" name=\"tel-414\" \/><\/span>\n<\/p>\n<p><span class=\"wpcf7-form-control-wrap\" data-name=\"email-406\"><input size=\"40\" maxlength=\"400\" class=\"wpcf7-form-control wpcf7-email wpcf7-validates-as-required wpcf7-text wpcf7-validates-as-email\" aria-required=\"true\" aria-invalid=\"false\" placeholder=\"CORREO\" value=\"\" type=\"email\" name=\"email-406\" \/><\/span>\n<\/p>\n<p><span class=\"wpcf7-form-control-wrap\" data-name=\"textarea-654\"><textarea cols=\"40\" rows=\"10\" maxlength=\"2000\" class=\"wpcf7-form-control wpcf7-textarea\" aria-invalid=\"false\" placeholder=\"CONSULTA\" name=\"textarea-654\"><\/textarea><\/span>\n<\/p>\n<p><input class=\"wpcf7-form-control wpcf7-submit has-spinner\" type=\"submit\" value=\"Enviar\" \/>\n<\/p><p style=\"display: none !important;\" class=\"akismet-fields-container\" data-prefix=\"_wpcf7_ak_\"><label>&#916;<textarea name=\"_wpcf7_ak_hp_textarea\" cols=\"45\" rows=\"8\" maxlength=\"100\"><\/textarea><\/label><input type=\"hidden\" id=\"ak_js_1\" name=\"_wpcf7_ak_js\" value=\"163\"\/><script>document.getElementById( \"ak_js_1\" ).setAttribute( \"value\", ( new Date() ).getTime() );<\/script><\/p><div class=\"wpcf7-response-output\" aria-hidden=\"true\"><\/div>\n<\/form>\n<\/div>\n<\/div><\/div>\n","protected":false},"excerpt":{"rendered":"<p>AMBULANCIAS DEL NORTE es una empresa que integra el n\u00facleo de organizaciones conformadas por GRUPO DEL NORTE. Nace en los 90 en la ciudad de Paysand\u00fa y al d\u00eda de hoy cuenta con una flota de ambulancias de m\u00e1s de 30 unidades propias, encontr\u00e1ndose en constante crecimiento logrando expandirse a diferentes puntos geogr\u00e1ficos dentro del&#8230;<\/p>\n","protected":false},"author":1,"featured_media":0,"parent":0,"menu_order":0,"comment_status":"closed","ping_status":"closed","template":"","meta":{"footnotes":""},"class_list":["post-9031","page","type-page","status-publish"],"_links":{"self":[{"href":"https:\/\/www.delnorte.com.uy\/web\/wp-json\/wp\/v2\/pages\/9031","targetHints":{"allow":["GET"]}}],"collection":[{"href":"https:\/\/www.delnorte.com.uy\/web\/wp-json\/wp\/v2\/pages"}],"about":[{"href":"https:\/\/www.delnorte.com.uy\/web\/wp-json\/wp\/v2\/types\/page"}],"author":[{"embeddable":true,"href":"https:\/\/www.delnorte.com.uy\/web\/wp-json\/wp\/v2\/users\/1"}],"replies":[{"embeddable":true,"href":"https:\/\/www.delnorte.com.uy\/web\/wp-json\/wp\/v2\/comments?post=9031"}],"version-history":[{"count":0,"href":"https:\/\/www.delnorte.com.uy\/web\/wp-json\/wp\/v2\/pages\/9031\/revisions"}],"wp:attachment":[{"href":"https:\/\/www.delnorte.com.uy\/web\/wp-json\/wp\/v2\/media?parent=9031"}],"curies":[{"name":"wp","href":"https:\/\/api.w.org\/{rel}","templated":true}]}}